{"id":28606,"date":"2023-04-10T06:44:10","date_gmt":"2023-04-10T11:44:10","guid":{"rendered":"https:\/\/hgv-new.site.findly.com\/?page_id=28606"},"modified":"2023-04-25T00:10:50","modified_gmt":"2023-04-25T05:10:50","slug":"opportunity-is-calling-hear-from-our-hilton-grand-vacations-call-center-team","status":"publish","type":"page","link":"https:\/\/hiltongrandvacations.site.findly.com\/es\/opportunity-is-calling-hear-from-our-hilton-grand-vacations-call-center-team\/","title":{"rendered":"Opportunity is Calling &#8211; Hear From Our Hilton Grand Vacations&#8217; Call Center Team"},"content":{"rendered":"<p><div class=\"fusion-fullwidth fullwidth-box fusion-builder-row-1 fusion-flex-container fusion-parallax-none nonhundred-percent-fullwidth non-hundred-percent-height-scrolling\" style=\"--awb-background-position:center top;--awb-border-radius-top-left:0px;--awb-border-radius-top-right:0px;--awb-border-radius-bottom-right:0px;--awb-border-radius-bottom-left:0px;--awb-padding-right:0px;--awb-padding-left:0px;--awb-margin-top:132px;--awb-margin-top-small:85px;--awb-min-height:160px;--awb-background-image:url(&quot;\/wp-content\/uploads\/sites\/680\/2017\/11\/2560x300.jpg&quot;);--awb-background-size:cover;--awb-flex-wrap:wrap;\" aria-label=\"\" role=\"\" ><div class=\"fusion-builder-row fusion-row fusion-flex-align-items-flex-start fusion-flex-content-wrap\" style=\"max-width:1872px;margin-left: calc(-4% \/ 2 );margin-right: calc(-4% \/ 2 );\"><div class=\"fusion-layout-column fusion_builder_column fusion-builder-column-0 fusion_builder_column_1_1 1_1 fusion-flex-column\" style=\"--awb-bg-size:cover;--awb-width-large:100%;--awb-margin-top-large:0px;--awb-spacing-right-large:1.92%;--awb-margin-bottom-large:20px;--awb-spacing-left-large:1.92%;--awb-width-medium:100%;--awb-order-medium:0;--awb-spacing-right-medium:1.92%;--awb-spacing-left-medium:1.92%;--awb-width-small:100%;--awb-order-small:0;--awb-spacing-right-small:1.92%;--awb-spacing-left-small:1.92%;\"><div class=\"fusion-column-wrapper fusion-column-has-shadow fusion-flex-justify-content-flex-start fusion-content-layout-column\"><\/div><\/div><\/div><\/div><div class=\"fusion-fullwidth fullwidth-box fusion-builder-row-2 fusion-flex-container nonhundred-percent-fullwidth non-hundred-percent-height-scrolling\" style=\"--awb-border-radius-top-left:0px;--awb-border-radius-top-right:0px;--awb-border-radius-bottom-right:0px;--awb-border-radius-bottom-left:0px;--awb-background-color:#f1f5f7;--awb-flex-wrap:wrap;\" aria-label=\"\" role=\"\" ><div class=\"fusion-builder-row fusion-row fusion-flex-align-items-center fusion-flex-justify-content-center fusion-flex-content-wrap\" style=\"max-width:1872px;margin-left: calc(-4% \/ 2 );margin-right: calc(-4% \/ 2 );\"><div class=\"fusion-layout-column fusion_builder_column fusion-builder-column-1 fusion-flex-column\" style=\"--awb-padding-top:50px;--awb-padding-right:50px;--awb-padding-bottom:50px;--awb-padding-left:50px;--awb-padding-top-small:20px;--awb-padding-right-small:20px;--awb-padding-bottom-small:20px;--awb-padding-left-small:20px;--awb-bg-color:#ffffff;--awb-bg-color-hover:#ffffff;--awb-bg-size:cover;--awb-width-large:97%;--awb-margin-top-large:-110px;--awb-spacing-right-large:1.979381443299%;--awb-margin-bottom-large:30px;--awb-spacing-left-large:1.979381443299%;--awb-width-medium:97%;--awb-order-medium:0;--awb-spacing-right-medium:1.979381443299%;--awb-spacing-left-medium:1.979381443299%;--awb-width-small:100%;--awb-order-small:0;--awb-spacing-right-small:1.92%;--awb-spacing-left-small:1.92%;\"><div class=\"fusion-column-wrapper fusion-column-has-shadow fusion-flex-justify-content-flex-start fusion-content-layout-column\"><div class=\"fusion-title title fusion-title-1 fusion-sep-none fusion-title-center fusion-title-text fusion-title-size-one transcript-h1-title\" style=\"--awb-text-color:#195d7e;--awb-margin-bottom:0px;--awb-margin-bottom-small:0px;--awb-margin-bottom-medium:0px;--awb-font-size:32px;\"><h1 class=\"fusion-title-heading title-heading-center\" style=\"font-family:&quot;FilsonSoft-Regular&quot;;font-style:normal;font-weight:400;margin:0;font-size:1em;text-transform:uppercase;\">OPPORTUNITY IS CALLING \u2013 HEAR FROM OUR HILTON GRAND VACATIONS\u2019 CALL CENTER TEAM<\/h1><\/div><div class=\"fusion-separator\" style=\"align-self: center;margin-left: auto;margin-right: auto;margin-top:40px;margin-bottom:40px;width:100%;max-width:400px;\"><div class=\"fusion-separator-border sep-single sep-solid\" style=\"--awb-height:20px;--awb-amount:20px;--awb-sep-color:#f4da40;border-color:#f4da40;border-top-width:2px;\"><\/div><\/div><div class=\"fusion-text fusion-text-1\" style=\"--awb-content-alignment:center;--awb-font-size:15px;--awb-text-color:#000000;--awb-text-font-family:&quot;gotham-book&quot;;--awb-text-font-style:normal;--awb-text-font-weight:400;\"><p style=\"text-align: center;\"><iframe class=\"transcript-common-iframe\" src=\"https:\/\/www.youtube.com\/embed\/2l7KmWV_yQ0\" title=\"YouTube video player\" frameborder=\"0\" allow=\"accelerometer; autoplay; clipboard-write; encrypted-media; gyroscope; picture-in-picture; web-share\" allowfullscreen=\"allowfullscreen\"><\/iframe><\/p> <\/div><div class=\"fusion-text fusion-text-2\" style=\"--awb-font-size:15px;--awb-text-color:#000000;--awb-text-font-family:&quot;gotham-book&quot;;--awb-text-font-style:normal;--awb-text-font-weight:400;\"><p>ALTWAN: The environment of customer care is very family oriented. We love it. We celebrate every type of event we can. It\u2019s very fun. I have the chance to grow, to enhance my knowledge. Other call centers, I feel like you just come in, do that, and go home.<\/p> <p>ASHLEY: And so I like this company because you can grow. And you\u2019ve seen a lot of directors go, starting off as agents, now being in their position that they are, VPs. And everyone\u2019s always been so willing to help. And you can approach anyone.<\/p> <p>So I\u2019ve even sat down with our senior vice president, who\u2019s really cool, sat down gave me advice. So I think people really do care about your success. Your management cares about your success. And it\u2019s just given me an opportunity where I don\u2019t think most people my age have had the opportunity to go to.<\/p> <p>ALTWAN: Being that I\u2019m in customer care, I feel like in that department, I can jump around to the other departments as well. So I get my hands filled. Like, I\u2019ve been back to activations to help them out when they needed a helping hand. You have, like, Owner Referral works next to us. We have concierge that works next to us. So if they get overwhelmed, they\u2019ll give us somebody that\u2019ll work to help them relieve them.<\/p> <p>ASHLEY: I always wanted to go to the West Coast. I always want to go to California. I always wanted to go to Vegas. My mom and dad never took me. But I decided to make it my own goal.<\/p> <p>So I remember I literally would stare at a picture of Las Vegas and California. And in a matter of a couple of months, I was able to reach my goal of what I wanted to spend when I was out there, able to get out there and have a great time. I was able to get out there again.<\/p> <p><a href=\"#\" class=\"backsearch\">Back to previous page<\/a><\/p> <\/div><\/div><\/div><\/div><\/div><\/p>\n","protected":false},"excerpt":{"rendered":"","protected":false},"author":1606,"featured_media":0,"parent":0,"menu_order":0,"comment_status":"closed","ping_status":"closed","template":"100-width.php","meta":{"pgc_meta":"","footnotes":""},"persona":[],"class_list":["post-28606","page","type-page","status-publish","hentry"],"yoast_head":"<!-- This site is optimized with the Yoast SEO Premium plugin v23.0 (Yoast SEO v23.0) - https:\/\/yoast.com\/wordpress\/plugins\/seo\/ -->\n<title>Opportunity is Calling - Hear From Our Hilton Grand Vacations&#039; Call Center Team - Hiltongrandvacation<\/title>\n<meta name=\"description\" content=\"La oportunidad lo est\u00e1 llamando: \u00danase al equipo del Centro de Atenci\u00f3n Telef\u00f3nica de Hilton Grand Vacations\" \/>\n<meta name=\"robots\" content=\"index, follow, max-snippet:-1, max-image-preview:large, max-video-preview:-1\" \/>\n<link rel=\"canonical\" href=\"https:\/\/careers.hgv.com\/es\/opportunity-is-calling-hear-from-our-hilton-grand-vacations-call-center-team\/\" \/>\n<meta property=\"og:locale\" content=\"es_ES\" \/>\n<meta property=\"og:type\" content=\"article\" \/>\n<meta property=\"og:title\" content=\"Opportunity is Calling - Hear From Our Hilton Grand Vacations&#039; Call Center Team\" \/>\n<meta property=\"og:description\" content=\"La oportunidad lo est\u00e1 llamando: \u00danase al equipo del Centro de Atenci\u00f3n Telef\u00f3nica de Hilton Grand Vacations\" \/>\n<meta property=\"og:url\" content=\"https:\/\/careers.hgv.com\/es\/opportunity-is-calling-hear-from-our-hilton-grand-vacations-call-center-team\/\" \/>\n<meta property=\"og:site_name\" content=\"Live - HGV Careers\" \/>\n<meta property=\"article:modified_time\" content=\"2023-04-25T05:10:50+00:00\" \/>\n<meta property=\"og:image\" content=\"https:\/\/hiltongrandvacations.site.findly.com\/wp-content\/uploads\/sites\/3480\/2019\/03\/hgv_careers_intern-video_screenshot.jpg\" \/>\n\t<meta property=\"og:image:width\" content=\"633\" \/>\n\t<meta property=\"og:image:height\" content=\"367\" \/>\n\t<meta property=\"og:image:type\" content=\"image\/jpeg\" \/>\n<meta name=\"twitter:label1\" content=\"Tiempo de lectura\" \/>\n\t<meta name=\"twitter:data1\" content=\"10 minutos\" \/>\n<script type=\"application\/ld+json\" class=\"yoast-schema-graph\">{\"@context\":\"https:\/\/schema.org\",\"@graph\":[{\"@type\":\"WebPage\",\"@id\":\"https:\/\/careers.hgv.com\/es\/opportunity-is-calling-hear-from-our-hilton-grand-vacations-call-center-team\/\",\"url\":\"https:\/\/careers.hgv.com\/es\/opportunity-is-calling-hear-from-our-hilton-grand-vacations-call-center-team\/\",\"name\":\"Opportunity is Calling - Hear From Our Hilton Grand Vacations' Call Center Team - Hiltongrandvacation\",\"isPartOf\":{\"@id\":\"https:\/\/careers.hgv.com\/#website\"},\"datePublished\":\"2023-04-10T11:44:10+00:00\",\"dateModified\":\"2023-04-25T05:10:50+00:00\",\"description\":\"La oportunidad lo est\u00e1 llamando: \u00danase al equipo del Centro de Atenci\u00f3n Telef\u00f3nica de Hilton Grand Vacations\",\"breadcrumb\":{\"@id\":\"https:\/\/careers.hgv.com\/es\/opportunity-is-calling-hear-from-our-hilton-grand-vacations-call-center-team\/#breadcrumb\"},\"inLanguage\":\"es\",\"potentialAction\":[{\"@type\":\"ReadAction\",\"target\":[\"https:\/\/careers.hgv.com\/es\/opportunity-is-calling-hear-from-our-hilton-grand-vacations-call-center-team\/\"]}]},{\"@type\":\"BreadcrumbList\",\"@id\":\"https:\/\/careers.hgv.com\/es\/opportunity-is-calling-hear-from-our-hilton-grand-vacations-call-center-team\/#breadcrumb\",\"itemListElement\":[{\"@type\":\"ListItem\",\"position\":1,\"name\":\"Home\",\"item\":\"https:\/\/careers.hgv.com\/es\/\"},{\"@type\":\"ListItem\",\"position\":2,\"name\":\"Opportunity is Calling &#8211; Hear From Our Hilton Grand Vacations&#8217; Call Center Team\"}]},{\"@type\":\"WebSite\",\"@id\":\"https:\/\/careers.hgv.com\/#website\",\"url\":\"https:\/\/careers.hgv.com\/\",\"name\":\"Live - HGV Careers\",\"description\":\"Hilton Grand Vacations Careers\",\"potentialAction\":[{\"@type\":\"SearchAction\",\"target\":{\"@type\":\"EntryPoint\",\"urlTemplate\":\"https:\/\/careers.hgv.com\/?s={search_term_string}\"},\"query-input\":\"required name=search_term_string\"}],\"inLanguage\":\"es\"}]}<\/script>\n<!-- \/ Yoast SEO Premium plugin. -->","yoast_head_json":{"title":"Opportunity is Calling - Hear From Our Hilton Grand Vacations' Call Center Team - Hiltongrandvacation","description":"La oportunidad lo est\u00e1 llamando: \u00danase al equipo del Centro de Atenci\u00f3n Telef\u00f3nica de Hilton Grand Vacations","robots":{"index":"index","follow":"follow","max-snippet":"max-snippet:-1","max-image-preview":"max-image-preview:large","max-video-preview":"max-video-preview:-1"},"canonical":"https:\/\/careers.hgv.com\/es\/opportunity-is-calling-hear-from-our-hilton-grand-vacations-call-center-team\/","og_locale":"es_ES","og_type":"article","og_title":"Opportunity is Calling - Hear From Our Hilton Grand Vacations' Call Center Team","og_description":"La oportunidad lo est\u00e1 llamando: \u00danase al equipo del Centro de Atenci\u00f3n Telef\u00f3nica de Hilton Grand Vacations","og_url":"https:\/\/careers.hgv.com\/es\/opportunity-is-calling-hear-from-our-hilton-grand-vacations-call-center-team\/","og_site_name":"Live - HGV Careers","article_modified_time":"2023-04-25T05:10:50+00:00","og_image":[{"width":633,"height":367,"url":"https:\/\/hiltongrandvacations.site.findly.com\/wp-content\/uploads\/sites\/3480\/2019\/03\/hgv_careers_intern-video_screenshot.jpg","type":"image\/jpeg"}],"twitter_misc":{"Tiempo de lectura":"10 minutos"},"schema":{"@context":"https:\/\/schema.org","@graph":[{"@type":"WebPage","@id":"https:\/\/careers.hgv.com\/es\/opportunity-is-calling-hear-from-our-hilton-grand-vacations-call-center-team\/","url":"https:\/\/careers.hgv.com\/es\/opportunity-is-calling-hear-from-our-hilton-grand-vacations-call-center-team\/","name":"Opportunity is Calling - Hear From Our Hilton Grand Vacations' Call Center Team - Hiltongrandvacation","isPartOf":{"@id":"https:\/\/careers.hgv.com\/#website"},"datePublished":"2023-04-10T11:44:10+00:00","dateModified":"2023-04-25T05:10:50+00:00","description":"La oportunidad lo est\u00e1 llamando: \u00danase al equipo del Centro de Atenci\u00f3n Telef\u00f3nica de Hilton Grand Vacations","breadcrumb":{"@id":"https:\/\/careers.hgv.com\/es\/opportunity-is-calling-hear-from-our-hilton-grand-vacations-call-center-team\/#breadcrumb"},"inLanguage":"es","potentialAction":[{"@type":"ReadAction","target":["https:\/\/careers.hgv.com\/es\/opportunity-is-calling-hear-from-our-hilton-grand-vacations-call-center-team\/"]}]},{"@type":"BreadcrumbList","@id":"https:\/\/careers.hgv.com\/es\/opportunity-is-calling-hear-from-our-hilton-grand-vacations-call-center-team\/#breadcrumb","itemListElement":[{"@type":"ListItem","position":1,"name":"Home","item":"https:\/\/careers.hgv.com\/es\/"},{"@type":"ListItem","position":2,"name":"Opportunity is Calling &#8211; Hear From Our Hilton Grand Vacations&#8217; Call Center Team"}]},{"@type":"WebSite","@id":"https:\/\/careers.hgv.com\/#website","url":"https:\/\/careers.hgv.com\/","name":"Live - HGV Careers","description":"Hilton Grand Vacations Careers","potentialAction":[{"@type":"SearchAction","target":{"@type":"EntryPoint","urlTemplate":"https:\/\/careers.hgv.com\/?s={search_term_string}"},"query-input":"required name=search_term_string"}],"inLanguage":"es"}]}},"pgc_meta":"","_links":{"self":[{"href":"https:\/\/hiltongrandvacations.site.findly.com\/es\/wp-json\/wp\/v2\/pages\/28606","targetHints":{"allow":["GET"]}}],"collection":[{"href":"https:\/\/hiltongrandvacations.site.findly.com\/es\/wp-json\/wp\/v2\/pages"}],"about":[{"href":"https:\/\/hiltongrandvacations.site.findly.com\/es\/wp-json\/wp\/v2\/types\/page"}],"author":[{"embeddable":true,"href":"https:\/\/hiltongrandvacations.site.findly.com\/es\/wp-json\/wp\/v2\/users\/1606"}],"replies":[{"embeddable":true,"href":"https:\/\/hiltongrandvacations.site.findly.com\/es\/wp-json\/wp\/v2\/comments?post=28606"}],"version-history":[{"count":1,"href":"https:\/\/hiltongrandvacations.site.findly.com\/es\/wp-json\/wp\/v2\/pages\/28606\/revisions"}],"predecessor-version":[{"id":28607,"href":"https:\/\/hiltongrandvacations.site.findly.com\/es\/wp-json\/wp\/v2\/pages\/28606\/revisions\/28607"}],"wp:attachment":[{"href":"https:\/\/hiltongrandvacations.site.findly.com\/es\/wp-json\/wp\/v2\/media?parent=28606"}],"wp:term":[{"taxonomy":"persona","embeddable":true,"href":"https:\/\/hiltongrandvacations.site.findly.com\/es\/wp-json\/wp\/v2\/persona?post=28606"}],"curies":[{"name":"wp","href":"https:\/\/api.w.org\/{rel}","templated":true}]}}